{"id":240,"date":"2023-08-29T11:03:16","date_gmt":"2023-08-29T11:03:16","guid":{"rendered":"https:\/\/www.mareldarkitektur.se\/?page_id=240"},"modified":"2024-01-03T14:59:31","modified_gmt":"2024-01-03T14:59:31","slug":"om-oss","status":"publish","type":"page","link":"https:\/\/www.mareldarkitektur.se\/sv\/about-us\/","title":{"rendered":"Om oss"},"content":{"rendered":"<p>We take a holistic approach to architecture &#8211; and deliver thoughtful and sustainable solutions which emerge from place. We work in dialogue and bring our substantial knowledge within landscape architecture, city planning and urban design to the table. We have developed a sensibility for drawing out the poetry of place, and pride ourselves on our ability to handle complex challenges with heart and courage.<\/p>\nISO-certifiering\n<a href=\"\/sv\/publikationslista\/\">Publikationer<\/a>\n<a href=\"\/sv\/kontakt\/\">Kontakt<\/a>\n\t\t\t\t<img loading=\"lazy\" decoding=\"async\" src=\"https:\/\/www.mareldarkitektur.se\/wp-content\/uploads\/2023\/10\/martin-ang-scaled.jpg\" alt=\"martin \u00e4ng\" itemprop=\"image\" height=\"1735\" width=\"2560\" title=\"martin \u00e4ng\" onerror=\"this.style.display='none'\"  \/>\n\t\t\t\t<img loading=\"lazy\" decoding=\"async\" src=\"https:\/\/www.mareldarkitektur.se\/wp-content\/uploads\/2023\/10\/IMG_1978-scaled.jpg\" alt=\"IMG_1978\" itemprop=\"image\" height=\"1920\" width=\"2560\" title=\"IMG_1978\" onerror=\"this.style.display='none'\"  \/>\n\t\t\t\t<img loading=\"lazy\" decoding=\"async\" src=\"https:\/\/www.mareldarkitektur.se\/wp-content\/uploads\/2023\/10\/s.-73-alt-75-dialog_ljusevent-sateriet-scaled.jpg\" alt=\"s. 73 alt 75 dialog_ljusevent s\u00e4teriet\" itemprop=\"image\" height=\"1920\" width=\"2560\" title=\"s. 73 alt 75 dialog_ljusevent s\u00e4teriet\" onerror=\"this.style.display='none'\"  \/>\n\t\t\t\t<img loading=\"lazy\" decoding=\"async\" src=\"https:\/\/www.mareldarkitektur.se\/wp-content\/uploads\/2023\/10\/havet-scaled-e1700555002131.jpg\" alt=\"har\" itemprop=\"image\" height=\"2157\" width=\"1889\" title=\"har\" onerror=\"this.style.display='none'\"  \/>\n\t<h3>Vi tar oss an alla projektarbeten med hj\u00e4rta och mod.<\/h3>\n<p>P\u00e5 MARELD \u00e4r vi stolta \u00f6ver v\u00e5rt s\u00e4tt att arbeta med v\u00e5ra projekt och vi str\u00e4var alltid efter att hitta nya s\u00e4tt att engagera kunder, konsulter och slutanv\u00e4ndare i utformningen och leveransen av offentliga milj\u00f6er. Som byr\u00e5 utvecklar vi st\u00e4ndigt v\u00e5ra kommunikationstekniker genom dialog, \u00f6ppna diskussioner, seminarier och workshops. Vi gillar ocks\u00e5 att testa v\u00e5ra id\u00e9er i skala 1:1 och vi \u00e4r inte r\u00e4dda f\u00f6r att arbeta med tillf\u00e4lliga verk om de hj\u00e4lper oss att f\u00e5 en b\u00e4ttre f\u00f6rst\u00e5else f\u00f6r projektet och dess anv\u00e4ndare.<\/p>\n\t\t\t\t<img loading=\"lazy\" decoding=\"async\" src=\"https:\/\/www.mareldarkitektur.se\/wp-content\/uploads\/2023\/10\/IMG_1618-scaled.jpg\" alt=\"IMG_1618\" itemprop=\"image\" height=\"1707\" width=\"2560\" title=\"IMG_1618\" onerror=\"this.style.display='none'\"  \/>\n\t\t\t\t<img loading=\"lazy\" decoding=\"async\" src=\"https:\/\/www.mareldarkitektur.se\/wp-content\/uploads\/2023\/10\/IMG_2610-scaled.jpg\" alt=\"Samskapande, platsskapande och tillf\u00e4llig design - alltid med hj\u00e4rta och mod!\" itemprop=\"image\" height=\"1707\" width=\"2560\" title=\"IMG_2610\" onerror=\"this.style.display='none'\"  \/>\n\t\tCo-creation, placemaking and temporary design &#8211; always with Heart and Courage!\n\t\t\t\t<img loading=\"lazy\" decoding=\"async\" src=\"https:\/\/www.mareldarkitektur.se\/wp-content\/uploads\/2023\/10\/DSC02487-scaled.jpg\" alt=\"DSC02487\" itemprop=\"image\" height=\"1707\" width=\"2560\" title=\"DSC02487\" onerror=\"this.style.display='none'\"  \/>\n\t\t\t\t<img loading=\"lazy\" decoding=\"async\" src=\"https:\/\/www.mareldarkitektur.se\/wp-content\/uploads\/2023\/10\/laura.jpg\" alt=\"laura\" itemprop=\"image\" height=\"1214\" width=\"946\" title=\"laura\" onerror=\"this.style.display='none'\"  \/>\n\t<h2>Hj\u00e4rta<\/h2>\n<p>We work with passion (otherwise why do we do what we do&#8230;). We believe in difference and care in sustainability and holistic solutions. We believe in collaboration, in listening and learning from others each day. Playfulness, curiosity and engagement continue to push us further, to test new boundaries.<\/p>\n<h2>Mod<\/h2>\n<p>Som arkitekter \u00e4r vi \u00f6vertygade om att vi p\u00e5 ett positivt s\u00e4tt kan bidra till den v\u00e4rld vi lever i. Vi drar nytta av erfarenheter och bepr\u00f6vad kunskap, men samtidigt har vi modet att bryta med gamla tankar och syns\u00e4tt. Vi har modet att tydligt uttala och f\u00f6rsvara v\u00e5ra v\u00e4rderingar.<\/p>\n\t\t\t\t<img loading=\"lazy\" decoding=\"async\" src=\"https:\/\/www.mareldarkitektur.se\/wp-content\/uploads\/2023\/10\/sketching.jpg\" alt=\"skissande\" itemprop=\"image\" height=\"1463\" width=\"2008\" title=\"skissande\" onerror=\"this.style.display='none'\"  \/>\n\t\t\t\t<img loading=\"lazy\" decoding=\"async\" src=\"https:\/\/www.mareldarkitektur.se\/wp-content\/uploads\/2023\/10\/barn-landscape.jpg\" alt=\"ladug\u00e5rdslandskap\" itemprop=\"image\" height=\"1634\" width=\"2015\" title=\"ladug\u00e5rdslandskap\" onerror=\"this.style.display='none'\"  \/>\n\t\t\t\t<img loading=\"lazy\" decoding=\"async\" src=\"https:\/\/www.mareldarkitektur.se\/wp-content\/uploads\/2023\/10\/courage-scaled.jpg\" alt=\"Vi str\u00e4var alltid efter att arbeta i ett lokalt sammanhang, i dialog med platsen och dess befintliga v\u00e4rden.\" itemprop=\"image\" height=\"1377\" width=\"2560\" title=\"mod\" onerror=\"this.style.display='none'\"  \/>\n\t\tVi str\u00e4var alltid efter att arbeta i ett lokalt sammanhang, i dialog med platsen och dess befintliga v\u00e4rden.\n\t\t\t\t<img loading=\"lazy\" decoding=\"async\" src=\"https:\/\/www.mareldarkitektur.se\/wp-content\/uploads\/2024\/01\/IMG_1109-scaled.jpg\" alt=\"IMG_1109\" itemprop=\"image\" height=\"2560\" width=\"2331\" title=\"IMG_1109\" onerror=\"this.style.display='none'\"  \/>\n\t<h2>Team<\/h2>\n<p>A broad team of employees with different backgrounds, interests and competences creates the steam in MARELD&#8217;s engine. Such variation brings new know-how and understanding to the office, which ensures innovative, high quality and open-minded approach to our work. It is our firm belief that teamwork delivers the results that matter. As an organization MARELD is open and flexible, enabling every employee to contribute to the success of the practice.<\/p>\n<p>MARELD \u00e4r ett kontor baserat i G\u00f6teborg, Malm\u00f6, Stockholm och \u00d6stersund. V\u00e5rt arbetsf\u00e4lt \u00e4r landskapsarkitektur i alla skalor, fr\u00e5n planering och stadsbyggnad till detaljering, genomf\u00f6rande och efterbehandling. Under \u00e5ren har MARELD vunnit flera nationella och internationella t\u00e4vlingar och har vuxit till ett team med \u00f6ver 20 landskapsarkitekter, ingenj\u00f6rer och urbanister.<\/p>\n\t\t\t\t<img loading=\"lazy\" decoding=\"async\" src=\"https:\/\/www.mareldarkitektur.se\/wp-content\/uploads\/2024\/01\/IMG_1071-scaled.jpg\" alt=\"IMG_1071\" itemprop=\"image\" height=\"1707\" width=\"2560\" title=\"IMG_1071\" onerror=\"this.style.display='none'\"  \/>\n\t\t\t\t<img loading=\"lazy\" decoding=\"async\" src=\"https:\/\/www.mareldarkitektur.se\/wp-content\/uploads\/2023\/10\/nyhet_studieresa-1-scaled.jpg\" alt=\"One Mareld - studieresa i Danmark n\u00e4r b\u00e5de Malm\u00f6 och G\u00f6teborg m\u00f6ts och bes\u00f6ker inspirerande projekt och platser.  \" itemprop=\"image\" height=\"1920\" width=\"2560\" title=\"nyhet_studieresa\" onerror=\"this.style.display='none'\"  \/>\n\t\tOne Mareld &#8211; study trip in Denmark when both Malm\u00f6 and Gothenburg meet and visit inspiring projects and places.  \n\t\t\t\t<img loading=\"lazy\" decoding=\"async\" src=\"https:\/\/www.mareldarkitektur.se\/wp-content\/uploads\/2023\/10\/9-scaled.jpg\" alt=\"Vi anv\u00e4nder alltid skissen som v\u00e5rt fr\u00e4msta verktyg, i b\u00e5de sm\u00e5 och stora projekt. \" itemprop=\"image\" height=\"1920\" width=\"2560\" title=\"9\" onerror=\"this.style.display='none'\"  \/>\n\t\tVi anv\u00e4nder alltid skissen som v\u00e5rt fr\u00e4msta verktyg, i b\u00e5de sm\u00e5 och stora projekt. \n\t\t\t\t<img loading=\"lazy\" decoding=\"async\" src=\"https:\/\/www.mareldarkitektur.se\/wp-content\/uploads\/2023\/10\/IMG_0261-1-scaled.jpg\" alt=\"IMG_0261\" itemprop=\"image\" height=\"1920\" width=\"2560\" title=\"IMG_0261\" onerror=\"this.style.display='none'\"  \/>","protected":false},"excerpt":{"rendered":"<p>We take a holistic approach to architecture &#8211; and deliver thoughtful and sustainable solutions which emerge from place. We work in dialogue and bring our substantial knowledge within landscape architecture, city planning and urban design to the table. We have developed a sensibility for drawing out the poetry of place, and pride ourselves on our [&hellip;]<\/p>\n","protected":false},"author":1,"featured_media":0,"parent":0,"menu_order":0,"comment_status":"closed","ping_status":"closed","template":"","meta":{"_acf_changed":false,"footnotes":""},"class_list":["post-240","page","type-page","status-publish","hentry"],"acf":[],"yoast_head":"<!-- This site is optimized with the Yoast SEO plugin v27.4 - https:\/\/yoast.com\/product\/yoast-seo-wordpress\/ -->\n<title>About us - Mareldarkitektur<\/title>\n<meta name=\"robots\" content=\"index, follow, max-snippet:-1, max-image-preview:large, max-video-preview:-1\" \/>\n<link rel=\"canonical\" href=\"https:\/\/www.mareldarkitektur.se\/sv\/om-oss\/\" \/>\n<meta property=\"og:locale\" content=\"sv_SE\" \/>\n<meta property=\"og:type\" content=\"article\" \/>\n<meta property=\"og:title\" content=\"About us - Mareldarkitektur\" \/>\n<meta property=\"og:description\" content=\"We take a holistic approach to architecture &#8211; and deliver thoughtful and sustainable solutions which emerge from place. We work in dialogue and bring our substantial knowledge within landscape architecture, city planning and urban design to the table. We have developed a sensibility for drawing out the poetry of place, and pride ourselves on our [&hellip;]\" \/>\n<meta property=\"og:url\" content=\"https:\/\/www.mareldarkitektur.se\/sv\/om-oss\/\" \/>\n<meta property=\"og:site_name\" content=\"Mareldarkitektur\" \/>\n<meta property=\"article:modified_time\" content=\"2024-01-03T14:59:31+00:00\" \/>\n<meta property=\"og:image\" content=\"https:\/\/www.mareldarkitektur.se\/wp-content\/uploads\/2023\/10\/martin-ang-scaled.jpg\" \/>\n<meta name=\"twitter:card\" content=\"summary_large_image\" \/>\n<meta name=\"twitter:label1\" content=\"Ber\u00e4knad l\u00e4stid\" \/>\n\t<meta name=\"twitter:data1\" content=\"5 minuter\" \/>\n<script type=\"application\/ld+json\" class=\"yoast-schema-graph\">{\"@context\":\"https:\\\/\\\/schema.org\",\"@graph\":[{\"@type\":\"WebPage\",\"@id\":\"https:\\\/\\\/www.mareldarkitektur.se\\\/about-us\\\/\",\"url\":\"https:\\\/\\\/www.mareldarkitektur.se\\\/about-us\\\/\",\"name\":\"About us - Mareldarkitektur\",\"isPartOf\":{\"@id\":\"https:\\\/\\\/www.mareldarkitektur.se\\\/#website\"},\"primaryImageOfPage\":{\"@id\":\"https:\\\/\\\/www.mareldarkitektur.se\\\/about-us\\\/#primaryimage\"},\"image\":{\"@id\":\"https:\\\/\\\/www.mareldarkitektur.se\\\/about-us\\\/#primaryimage\"},\"thumbnailUrl\":\"https:\\\/\\\/www.mareldarkitektur.se\\\/wp-content\\\/uploads\\\/2023\\\/10\\\/martin-ang-scaled.jpg\",\"datePublished\":\"2023-08-29T11:03:16+00:00\",\"dateModified\":\"2024-01-03T14:59:31+00:00\",\"breadcrumb\":{\"@id\":\"https:\\\/\\\/www.mareldarkitektur.se\\\/about-us\\\/#breadcrumb\"},\"inLanguage\":\"sv-SE\",\"potentialAction\":[{\"@type\":\"ReadAction\",\"target\":[\"https:\\\/\\\/www.mareldarkitektur.se\\\/about-us\\\/\"]}]},{\"@type\":\"ImageObject\",\"inLanguage\":\"sv-SE\",\"@id\":\"https:\\\/\\\/www.mareldarkitektur.se\\\/about-us\\\/#primaryimage\",\"url\":\"https:\\\/\\\/www.mareldarkitektur.se\\\/wp-content\\\/uploads\\\/2023\\\/10\\\/martin-ang-scaled.jpg\",\"contentUrl\":\"https:\\\/\\\/www.mareldarkitektur.se\\\/wp-content\\\/uploads\\\/2023\\\/10\\\/martin-ang-scaled.jpg\"},{\"@type\":\"BreadcrumbList\",\"@id\":\"https:\\\/\\\/www.mareldarkitektur.se\\\/about-us\\\/#breadcrumb\",\"itemListElement\":[{\"@type\":\"ListItem\",\"position\":1,\"name\":\"Home\",\"item\":\"https:\\\/\\\/www.mareldarkitektur.se\\\/\"},{\"@type\":\"ListItem\",\"position\":2,\"name\":\"About us\"}]},{\"@type\":\"WebSite\",\"@id\":\"https:\\\/\\\/www.mareldarkitektur.se\\\/#website\",\"url\":\"https:\\\/\\\/www.mareldarkitektur.se\\\/\",\"name\":\"Mareldarkitektur\",\"description\":\"We work with projects on various scales, in several countries - but always with the same passion and dedication. Here is a selection of the ones that we are the most proud of.\",\"potentialAction\":[{\"@type\":\"SearchAction\",\"target\":{\"@type\":\"EntryPoint\",\"urlTemplate\":\"https:\\\/\\\/www.mareldarkitektur.se\\\/?s={search_term_string}\"},\"query-input\":{\"@type\":\"PropertyValueSpecification\",\"valueRequired\":true,\"valueName\":\"search_term_string\"}}],\"inLanguage\":\"sv-SE\"}]}<\/script>\n<!-- \/ Yoast SEO plugin. -->","yoast_head_json":{"title":"Om oss - Mareldarkitektur","robots":{"index":"index","follow":"follow","max-snippet":"max-snippet:-1","max-image-preview":"max-image-preview:large","max-video-preview":"max-video-preview:-1"},"canonical":"https:\/\/www.mareldarkitektur.se\/sv\/om-oss\/","og_locale":"sv_SE","og_type":"article","og_title":"About us - Mareldarkitektur","og_description":"We take a holistic approach to architecture &#8211; and deliver thoughtful and sustainable solutions which emerge from place. We work in dialogue and bring our substantial knowledge within landscape architecture, city planning and urban design to the table. We have developed a sensibility for drawing out the poetry of place, and pride ourselves on our [&hellip;]","og_url":"https:\/\/www.mareldarkitektur.se\/sv\/om-oss\/","og_site_name":"Mareldarkitektur","article_modified_time":"2024-01-03T14:59:31+00:00","og_image":[{"url":"https:\/\/www.mareldarkitektur.se\/wp-content\/uploads\/2023\/10\/martin-ang-scaled.jpg","type":"","width":"","height":""}],"twitter_card":"summary_large_image","twitter_misc":{"Ber\u00e4knad l\u00e4stid":"5 minuter"},"schema":{"@context":"https:\/\/schema.org","@graph":[{"@type":"WebPage","@id":"https:\/\/www.mareldarkitektur.se\/about-us\/","url":"https:\/\/www.mareldarkitektur.se\/about-us\/","name":"Om oss - Mareldarkitektur","isPartOf":{"@id":"https:\/\/www.mareldarkitektur.se\/#website"},"primaryImageOfPage":{"@id":"https:\/\/www.mareldarkitektur.se\/about-us\/#primaryimage"},"image":{"@id":"https:\/\/www.mareldarkitektur.se\/about-us\/#primaryimage"},"thumbnailUrl":"https:\/\/www.mareldarkitektur.se\/wp-content\/uploads\/2023\/10\/martin-ang-scaled.jpg","datePublished":"2023-08-29T11:03:16+00:00","dateModified":"2024-01-03T14:59:31+00:00","breadcrumb":{"@id":"https:\/\/www.mareldarkitektur.se\/about-us\/#breadcrumb"},"inLanguage":"sv-SE","potentialAction":[{"@type":"ReadAction","target":["https:\/\/www.mareldarkitektur.se\/about-us\/"]}]},{"@type":"ImageObject","inLanguage":"sv-SE","@id":"https:\/\/www.mareldarkitektur.se\/about-us\/#primaryimage","url":"https:\/\/www.mareldarkitektur.se\/wp-content\/uploads\/2023\/10\/martin-ang-scaled.jpg","contentUrl":"https:\/\/www.mareldarkitektur.se\/wp-content\/uploads\/2023\/10\/martin-ang-scaled.jpg"},{"@type":"BreadcrumbList","@id":"https:\/\/www.mareldarkitektur.se\/about-us\/#breadcrumb","itemListElement":[{"@type":"ListItem","position":1,"name":"Home","item":"https:\/\/www.mareldarkitektur.se\/"},{"@type":"ListItem","position":2,"name":"About us"}]},{"@type":"WebSite","@id":"https:\/\/www.mareldarkitektur.se\/#website","url":"https:\/\/www.mareldarkitektur.se\/","name":"Mareldarkitektur","description":"Vi arbetar med projekt i olika skalor, i flera l\u00e4nder - men alltid med samma passion och engagemang. H\u00e4r \u00e4r ett urval av dem som vi \u00e4r mest stolta \u00f6ver.","potentialAction":[{"@type":"SearchAction","target":{"@type":"EntryPoint","urlTemplate":"https:\/\/www.mareldarkitektur.se\/?s={search_term_string}"},"query-input":{"@type":"PropertyValueSpecification","valueRequired":true,"valueName":"search_term_string"}}],"inLanguage":"sv-SE"}]}},"_links":{"self":[{"href":"https:\/\/www.mareldarkitektur.se\/sv\/wp-json\/wp\/v2\/pages\/240","targetHints":{"allow":["GET"]}}],"collection":[{"href":"https:\/\/www.mareldarkitektur.se\/sv\/wp-json\/wp\/v2\/pages"}],"about":[{"href":"https:\/\/www.mareldarkitektur.se\/sv\/wp-json\/wp\/v2\/types\/page"}],"author":[{"embeddable":true,"href":"https:\/\/www.mareldarkitektur.se\/sv\/wp-json\/wp\/v2\/users\/1"}],"replies":[{"embeddable":true,"href":"https:\/\/www.mareldarkitektur.se\/sv\/wp-json\/wp\/v2\/comments?post=240"}],"version-history":[{"count":71,"href":"https:\/\/www.mareldarkitektur.se\/sv\/wp-json\/wp\/v2\/pages\/240\/revisions"}],"predecessor-version":[{"id":1177,"href":"https:\/\/www.mareldarkitektur.se\/sv\/wp-json\/wp\/v2\/pages\/240\/revisions\/1177"}],"wp:attachment":[{"href":"https:\/\/www.mareldarkitektur.se\/sv\/wp-json\/wp\/v2\/media?parent=240"}],"curies":[{"name":"wp","href":"https:\/\/api.w.org\/{rel}","templated":true}]}}