{"id":1819,"date":"2025-02-28T13:01:02","date_gmt":"2025-02-28T13:01:02","guid":{"rendered":"https:\/\/www.mareldarkitektur.se\/?page_id=1819"},"modified":"2025-02-28T13:01:02","modified_gmt":"2025-02-28T13:01:02","slug":"var-process","status":"publish","type":"page","link":"https:\/\/www.mareldarkitektur.se\/sv\/our-process\/","title":{"rendered":"V\u00e5r process"},"content":{"rendered":"","protected":false},"excerpt":{"rendered":"","protected":false},"author":1,"featured_media":0,"parent":0,"menu_order":0,"comment_status":"closed","ping_status":"closed","template":"process_animation.php","meta":{"_acf_changed":false,"footnotes":""},"class_list":["post-1819","page","type-page","status-publish","hentry"],"acf":[],"yoast_head":"<!-- This site is optimized with the Yoast SEO plugin v27.4 - https:\/\/yoast.com\/product\/yoast-seo-wordpress\/ -->\n<title>Our process - Mareldarkitektur<\/title>\n<meta name=\"robots\" content=\"index, follow, max-snippet:-1, max-image-preview:large, max-video-preview:-1\" \/>\n<link rel=\"canonical\" href=\"https:\/\/www.mareldarkitektur.se\/sv\/var-process\/\" \/>\n<meta property=\"og:locale\" content=\"sv_SE\" \/>\n<meta property=\"og:type\" content=\"article\" \/>\n<meta property=\"og:title\" content=\"Our process - Mareldarkitektur\" \/>\n<meta property=\"og:url\" content=\"https:\/\/www.mareldarkitektur.se\/sv\/var-process\/\" \/>\n<meta property=\"og:site_name\" content=\"Mareldarkitektur\" \/>\n<meta name=\"twitter:card\" content=\"summary_large_image\" \/>\n<script type=\"application\/ld+json\" class=\"yoast-schema-graph\">{\"@context\":\"https:\\\/\\\/schema.org\",\"@graph\":[{\"@type\":\"WebPage\",\"@id\":\"https:\\\/\\\/www.mareldarkitektur.se\\\/our-process\\\/\",\"url\":\"https:\\\/\\\/www.mareldarkitektur.se\\\/our-process\\\/\",\"name\":\"Our process - Mareldarkitektur\",\"isPartOf\":{\"@id\":\"https:\\\/\\\/www.mareldarkitektur.se\\\/#website\"},\"datePublished\":\"2025-02-28T13:01:02+00:00\",\"breadcrumb\":{\"@id\":\"https:\\\/\\\/www.mareldarkitektur.se\\\/our-process\\\/#breadcrumb\"},\"inLanguage\":\"sv-SE\",\"potentialAction\":[{\"@type\":\"ReadAction\",\"target\":[\"https:\\\/\\\/www.mareldarkitektur.se\\\/our-process\\\/\"]}]},{\"@type\":\"BreadcrumbList\",\"@id\":\"https:\\\/\\\/www.mareldarkitektur.se\\\/our-process\\\/#breadcrumb\",\"itemListElement\":[{\"@type\":\"ListItem\",\"position\":1,\"name\":\"Home\",\"item\":\"https:\\\/\\\/www.mareldarkitektur.se\\\/\"},{\"@type\":\"ListItem\",\"position\":2,\"name\":\"Our process\"}]},{\"@type\":\"WebSite\",\"@id\":\"https:\\\/\\\/www.mareldarkitektur.se\\\/#website\",\"url\":\"https:\\\/\\\/www.mareldarkitektur.se\\\/\",\"name\":\"Mareldarkitektur\",\"description\":\"We work with projects on various scales, in several countries - but always with the same passion and dedication. Here is a selection of the ones that we are the most proud of.\",\"potentialAction\":[{\"@type\":\"SearchAction\",\"target\":{\"@type\":\"EntryPoint\",\"urlTemplate\":\"https:\\\/\\\/www.mareldarkitektur.se\\\/?s={search_term_string}\"},\"query-input\":{\"@type\":\"PropertyValueSpecification\",\"valueRequired\":true,\"valueName\":\"search_term_string\"}}],\"inLanguage\":\"sv-SE\"}]}<\/script>\n<!-- \/ Yoast SEO plugin. -->","yoast_head_json":{"title":"V\u00e5r process - Mareldarkitektur","robots":{"index":"index","follow":"follow","max-snippet":"max-snippet:-1","max-image-preview":"max-image-preview:large","max-video-preview":"max-video-preview:-1"},"canonical":"https:\/\/www.mareldarkitektur.se\/sv\/var-process\/","og_locale":"sv_SE","og_type":"article","og_title":"Our process - Mareldarkitektur","og_url":"https:\/\/www.mareldarkitektur.se\/sv\/var-process\/","og_site_name":"Mareldarkitektur","twitter_card":"summary_large_image","schema":{"@context":"https:\/\/schema.org","@graph":[{"@type":"WebPage","@id":"https:\/\/www.mareldarkitektur.se\/our-process\/","url":"https:\/\/www.mareldarkitektur.se\/our-process\/","name":"V\u00e5r process - Mareldarkitektur","isPartOf":{"@id":"https:\/\/www.mareldarkitektur.se\/#website"},"datePublished":"2025-02-28T13:01:02+00:00","breadcrumb":{"@id":"https:\/\/www.mareldarkitektur.se\/our-process\/#breadcrumb"},"inLanguage":"sv-SE","potentialAction":[{"@type":"ReadAction","target":["https:\/\/www.mareldarkitektur.se\/our-process\/"]}]},{"@type":"BreadcrumbList","@id":"https:\/\/www.mareldarkitektur.se\/our-process\/#breadcrumb","itemListElement":[{"@type":"ListItem","position":1,"name":"Home","item":"https:\/\/www.mareldarkitektur.se\/"},{"@type":"ListItem","position":2,"name":"Our process"}]},{"@type":"WebSite","@id":"https:\/\/www.mareldarkitektur.se\/#website","url":"https:\/\/www.mareldarkitektur.se\/","name":"Mareldarkitektur","description":"Vi arbetar med projekt i olika skalor, i flera l\u00e4nder - men alltid med samma passion och engagemang. H\u00e4r \u00e4r ett urval av dem som vi \u00e4r mest stolta \u00f6ver.","potentialAction":[{"@type":"SearchAction","target":{"@type":"EntryPoint","urlTemplate":"https:\/\/www.mareldarkitektur.se\/?s={search_term_string}"},"query-input":{"@type":"PropertyValueSpecification","valueRequired":true,"valueName":"search_term_string"}}],"inLanguage":"sv-SE"}]}},"_links":{"self":[{"href":"https:\/\/www.mareldarkitektur.se\/sv\/wp-json\/wp\/v2\/pages\/1819","targetHints":{"allow":["GET"]}}],"collection":[{"href":"https:\/\/www.mareldarkitektur.se\/sv\/wp-json\/wp\/v2\/pages"}],"about":[{"href":"https:\/\/www.mareldarkitektur.se\/sv\/wp-json\/wp\/v2\/types\/page"}],"author":[{"embeddable":true,"href":"https:\/\/www.mareldarkitektur.se\/sv\/wp-json\/wp\/v2\/users\/1"}],"replies":[{"embeddable":true,"href":"https:\/\/www.mareldarkitektur.se\/sv\/wp-json\/wp\/v2\/comments?post=1819"}],"version-history":[{"count":1,"href":"https:\/\/www.mareldarkitektur.se\/sv\/wp-json\/wp\/v2\/pages\/1819\/revisions"}],"predecessor-version":[{"id":1820,"href":"https:\/\/www.mareldarkitektur.se\/sv\/wp-json\/wp\/v2\/pages\/1819\/revisions\/1820"}],"wp:attachment":[{"href":"https:\/\/www.mareldarkitektur.se\/sv\/wp-json\/wp\/v2\/media?parent=1819"}],"curies":[{"name":"wp","href":"https:\/\/api.w.org\/{rel}","templated":true}]}}